{"id":1828,"date":"2025-11-06T15:22:16","date_gmt":"2025-11-06T12:22:16","guid":{"rendered":"https:\/\/niltarim.com.tr\/?page_id=1828"},"modified":"2025-11-06T15:38:12","modified_gmt":"2025-11-06T12:38:12","slug":"magaza","status":"publish","type":"page","link":"https:\/\/niltarim.com.tr\/?page_id=1828","title":{"rendered":"Ma\u011faza"},"content":{"rendered":"\t\t<div data-elementor-type=\"wp-page\" data-elementor-id=\"1828\" class=\"elementor elementor-1828\">\n\t\t\t\t\t\t<section class=\"elementor-section elementor-top-section elementor-element elementor-element-8a84641 elementor-section-boxed elementor-section-height-default elementor-section-height-default shape-bg-top-no\" data-id=\"8a84641\" data-element_type=\"section\" data-settings=\"{&quot;background_background&quot;:&quot;slideshow&quot;,&quot;background_slideshow_gallery&quot;:[{&quot;id&quot;:1203,&quot;url&quot;:&quot;https:\\\/\\\/gaviaspreview.com\\\/wp\\\/orgarium\\\/wp-content\\\/uploads\\\/2021\\\/12\\\/bg-9.jpg&quot;},{&quot;id&quot;:1008,&quot;url&quot;:&quot;https:\\\/\\\/gaviaspreview.com\\\/wp\\\/orgarium\\\/wp-content\\\/uploads\\\/2021\\\/10\\\/breadcrumb.jpg&quot;}],&quot;background_slideshow_ken_burns&quot;:&quot;yes&quot;,&quot;background_slideshow_loop&quot;:&quot;yes&quot;,&quot;background_slideshow_slide_duration&quot;:5000,&quot;background_slideshow_slide_transition&quot;:&quot;fade&quot;,&quot;background_slideshow_transition_duration&quot;:500,&quot;background_slideshow_ken_burns_zoom_direction&quot;:&quot;in&quot;}\">\n\t\t\t\t\t\t<div class=\"elementor-container elementor-column-gap-default\">\n\t\t\t\t\t<div class=\"elementor-column elementor-col-100 elementor-top-column elementor-element elementor-element-344de03\" data-id=\"344de03\" data-element_type=\"column\">\n\t\t\t<div class=\"elementor-widget-wrap elementor-element-populated\">\n\t\t\t\t\t\t<div class=\"elementor-element elementor-element-854c647 elementor-widget elementor-widget-gva-heading-block\" data-id=\"854c647\" data-element_type=\"widget\" data-widget_type=\"gva-heading-block.default\">\n\t\t\t\t<div class=\"elementor-widget-container\">\n\t\t\t\t\t<div class=\"gva-element-gva-heading-block gva-element\">   <div class=\"align-left style-1 widget gsc-heading box-align-left auto-responsive\">\r\n      <div class=\"content-inner\">\r\n         \r\n                  \r\n           \r\n         \r\n                     <h2 class=\"title\">\r\n               <span>Ma\u011faza<\/span>\r\n            <\/h2>\r\n                  \r\n         \r\n      <\/div>\r\n   <\/div>\r\n<\/div>\t\t\t\t<\/div>\n\t\t\t\t<\/div>\n\t\t\t\t\t<\/div>\n\t\t<\/div>\n\t\t\t\t\t<\/div>\n\t\t<\/section>\n\t\t\t\t<section class=\"elementor-section elementor-top-section elementor-element elementor-element-b085980 elementor-section-boxed elementor-section-height-default elementor-section-height-default shape-bg-top-no shape-bg-bottom-no\" data-id=\"b085980\" data-element_type=\"section\">\n\t\t\t\t\t\t<div class=\"elementor-container elementor-column-gap-default\">\n\t\t\t\t\t<div class=\"elementor-column elementor-col-100 elementor-top-column elementor-element elementor-element-9ff7015\" data-id=\"9ff7015\" data-element_type=\"column\">\n\t\t\t<div class=\"elementor-widget-wrap elementor-element-populated\">\n\t\t\t\t\t\t<div class=\"elementor-element elementor-element-ffabff7 elementor-widget elementor-widget-gva-products\" data-id=\"ffabff7\" data-element_type=\"widget\" data-widget_type=\"gva-products.default\">\n\t\t\t\t<div class=\"elementor-widget-container\">\n\t\t\t\t\t<div class=\"gva-element-gva-products gva-element\">\r\n<div class=\"swiper-slider-wrapper gsc-campaign layout-carousel product \">\r\n   <div class=\"swiper-content-inner\">   \r\n      <div class=\"init-carousel-swiper swiper\" data-carousel=\"{&quot;items&quot;:4,&quot;items_lg&quot;:4,&quot;items_md&quot;:3,&quot;items_sm&quot;:2,&quot;items_xs&quot;:1,&quot;items_xx&quot;:1,&quot;effect&quot;:&quot;slide&quot;,&quot;space_between&quot;:30,&quot;loop&quot;:1,&quot;speed&quot;:600,&quot;autoplay&quot;:1,&quot;autoplay_delay&quot;:4500,&quot;autoplay_hover&quot;:1,&quot;navigation&quot;:1,&quot;pagination&quot;:0,&quot;dynamic_bullets&quot;:0,&quot;pagination_type&quot;:&quot;bullets&quot;}\">\r\n         <div class=\"swiper-wrapper\">\r\n            <div class=\"swiper-slide\">\r\n<div class=\"product-block product post-1817 product type-product status-publish has-post-thumbnail product_cat-benzinli-urunler first instock shipping-taxable product-type-external\">\r\n\t<div class=\"product-block-inner clearfix\">\r\n\t\t\r\n\t\t<div class=\"product-thumbnail\">\r\n\t\t\t<div class=\"product-thumbnail-inner\">\r\n\t\t\t \t<a class=\"link-overlay\" href=\"https:\/\/niltarim.com.tr\/?product=mina-yan-tirpan-kopya\"><\/a><span class=\"attachment-shop_catalog\"><img fetchpriority=\"high\" decoding=\"async\" width=\"800\" height=\"800\" src=\"https:\/\/niltarim.com.tr\/wp-content\/uploads\/2025\/11\/5.jpg\" class=\" wp-post-image\" alt=\"\" srcset=\"https:\/\/niltarim.com.tr\/wp-content\/uploads\/2025\/11\/5.jpg 800w, https:\/\/niltarim.com.tr\/wp-content\/uploads\/2025\/11\/5-175x175.jpg 175w, https:\/\/niltarim.com.tr\/wp-content\/uploads\/2025\/11\/5-768x768.jpg 768w, https:\/\/niltarim.com.tr\/wp-content\/uploads\/2025\/11\/5-300x300.jpg 300w, https:\/\/niltarim.com.tr\/wp-content\/uploads\/2025\/11\/5-600x600.jpg 600w, https:\/\/niltarim.com.tr\/wp-content\/uploads\/2025\/11\/5-180x180.jpg 180w\" sizes=\"(max-width: 800px) 100vw, 800px\" \/><\/span>\t\t \t<\/div>\r\n\t\t \t<div class=\"content-hover\">\r\n\t\t\t\t<div class=\"add-to-cart\">\r\n\t\t\t\t\t<a href=\"tel:903805120900\" data-quantity=\"1\" data-product_id=\"1817\" data-product_sku=\"\" class=\"button  product_type_external ajax_add_to_cart\"> \u0130leti\u015fime Ge\u00e7<\/a>\t\t\t  \t<\/div> \r\n\t\t\t<\/div>   \r\n\t\t<\/div>\r\n\r\n\t\t      \r\n\r\n\t\t\r\n\t\t<div class=\"product-meta\">\r\n\t\t\t<div class=\"clearfix\"><\/div>\r\n\t\t\t<div class=\"shop-category\"><a href=\"https:\/\/niltarim.com.tr\/?product_cat=benzinli-urunler\" rel=\"tag\">Benzinli \u00dcr\u00fcnler<\/a><\/div>\t\t\t<h3 class=\"shop-loop-title\"><a href=\"https:\/\/niltarim.com.tr\/?product=mina-yan-tirpan-kopya\">Mina S\u0131rt T\u0131rpan<\/a><\/h3>\r\n\t\t\t<div class=\"shop-loop-price\">\r\n\t\t  \t\t\r\n\t\t\t<\/div>\r\n\t\t<\/div>\r\n\t\t\t\r\n\t<\/div>\t\r\n<\/div>\r\n<\/div><div class=\"swiper-slide\">\r\n<div class=\"product-block product post-1816 product type-product status-publish has-post-thumbnail product_cat-benzinli-urunler product_cat-capa-grubu  instock shipping-taxable product-type-external\">\r\n\t<div class=\"product-block-inner clearfix\">\r\n\t\t\r\n\t\t<div class=\"product-thumbnail\">\r\n\t\t\t<div class=\"product-thumbnail-inner\">\r\n\t\t\t \t<a class=\"link-overlay\" href=\"https:\/\/niltarim.com.tr\/?product=capa-makinesi-mina-motorlu-31\"><\/a><span class=\"attachment-shop_catalog\"><img decoding=\"async\" width=\"800\" height=\"800\" src=\"https:\/\/niltarim.com.tr\/wp-content\/uploads\/2025\/11\/1.jpg\" class=\" wp-post-image\" alt=\"\" srcset=\"https:\/\/niltarim.com.tr\/wp-content\/uploads\/2025\/11\/1.jpg 800w, https:\/\/niltarim.com.tr\/wp-content\/uploads\/2025\/11\/1-175x175.jpg 175w, https:\/\/niltarim.com.tr\/wp-content\/uploads\/2025\/11\/1-768x768.jpg 768w, https:\/\/niltarim.com.tr\/wp-content\/uploads\/2025\/11\/1-300x300.jpg 300w, https:\/\/niltarim.com.tr\/wp-content\/uploads\/2025\/11\/1-600x600.jpg 600w, https:\/\/niltarim.com.tr\/wp-content\/uploads\/2025\/11\/1-180x180.jpg 180w\" sizes=\"(max-width: 800px) 100vw, 800px\" \/><\/span>\t\t \t<\/div>\r\n\t\t \t<div class=\"content-hover\">\r\n\t\t\t\t<div class=\"add-to-cart\">\r\n\t\t\t\t\t<a href=\"tel:903805120900\" data-quantity=\"1\" data-product_id=\"1816\" data-product_sku=\"\" class=\"button  product_type_external ajax_add_to_cart\"> \u0130leti\u015fime Ge\u00e7<\/a>\t\t\t  \t<\/div> \r\n\t\t\t<\/div>   \r\n\t\t<\/div>\r\n\r\n\t\t      \r\n\r\n\t\t\r\n\t\t<div class=\"product-meta\">\r\n\t\t\t<div class=\"clearfix\"><\/div>\r\n\t\t\t<div class=\"shop-category\"><a href=\"https:\/\/niltarim.com.tr\/?product_cat=benzinli-urunler\" rel=\"tag\">Benzinli \u00dcr\u00fcnler<\/a>, <a href=\"https:\/\/niltarim.com.tr\/?product_cat=capa-grubu\" rel=\"tag\">\u00c7apa Grubu<\/a><\/div>\t\t\t<h3 class=\"shop-loop-title\"><a href=\"https:\/\/niltarim.com.tr\/?product=capa-makinesi-mina-motorlu-31\">\u00c7apa Makinesi Mina Motorlu 3+1<\/a><\/h3>\r\n\t\t\t<div class=\"shop-loop-price\">\r\n\t\t  \t\t\r\n\t\t\t<\/div>\r\n\t\t<\/div>\r\n\t\t\t\r\n\t<\/div>\t\r\n<\/div>\r\n<\/div><div class=\"swiper-slide\">\r\n<div class=\"product-block product post-1815 product type-product status-publish has-post-thumbnail product_cat-benzinli-urunler product_cat-capa-grubu  instock shipping-taxable product-type-external\">\r\n\t<div class=\"product-block-inner clearfix\">\r\n\t\t\r\n\t\t<div class=\"product-thumbnail\">\r\n\t\t\t<div class=\"product-thumbnail-inner\">\r\n\t\t\t \t<a class=\"link-overlay\" href=\"https:\/\/niltarim.com.tr\/?product=mina-capa-makinesi-31-honda-gx-200-motorlu\"><\/a><span class=\"attachment-shop_catalog\"><img decoding=\"async\" width=\"800\" height=\"800\" src=\"https:\/\/niltarim.com.tr\/wp-content\/uploads\/2025\/11\/4.jpg\" class=\" wp-post-image\" alt=\"\" srcset=\"https:\/\/niltarim.com.tr\/wp-content\/uploads\/2025\/11\/4.jpg 800w, https:\/\/niltarim.com.tr\/wp-content\/uploads\/2025\/11\/4-175x175.jpg 175w, https:\/\/niltarim.com.tr\/wp-content\/uploads\/2025\/11\/4-768x768.jpg 768w, https:\/\/niltarim.com.tr\/wp-content\/uploads\/2025\/11\/4-300x300.jpg 300w, https:\/\/niltarim.com.tr\/wp-content\/uploads\/2025\/11\/4-600x600.jpg 600w, https:\/\/niltarim.com.tr\/wp-content\/uploads\/2025\/11\/4-180x180.jpg 180w\" sizes=\"(max-width: 800px) 100vw, 800px\" \/><\/span>\t\t \t<\/div>\r\n\t\t \t<div class=\"content-hover\">\r\n\t\t\t\t<div class=\"add-to-cart\">\r\n\t\t\t\t\t<a href=\"tel:903805120900\" data-quantity=\"1\" data-product_id=\"1815\" data-product_sku=\"\" class=\"button  product_type_external ajax_add_to_cart\"> \u0130leti\u015fime Ge\u00e7<\/a>\t\t\t  \t<\/div> \r\n\t\t\t<\/div>   \r\n\t\t<\/div>\r\n\r\n\t\t      \r\n\r\n\t\t\r\n\t\t<div class=\"product-meta\">\r\n\t\t\t<div class=\"clearfix\"><\/div>\r\n\t\t\t<div class=\"shop-category\"><a href=\"https:\/\/niltarim.com.tr\/?product_cat=benzinli-urunler\" rel=\"tag\">Benzinli \u00dcr\u00fcnler<\/a>, <a href=\"https:\/\/niltarim.com.tr\/?product_cat=capa-grubu\" rel=\"tag\">\u00c7apa Grubu<\/a><\/div>\t\t\t<h3 class=\"shop-loop-title\"><a href=\"https:\/\/niltarim.com.tr\/?product=mina-capa-makinesi-31-honda-gx-200-motorlu\">Mina \u00c7apa Makinesi 3+1 Honda GX 200 Motorlu<\/a><\/h3>\r\n\t\t\t<div class=\"shop-loop-price\">\r\n\t\t  \t\t\r\n\t\t\t<\/div>\r\n\t\t<\/div>\r\n\t\t\t\r\n\t<\/div>\t\r\n<\/div>\r\n<\/div><div class=\"swiper-slide\">\r\n<div class=\"product-block product post-1813 product type-product status-publish has-post-thumbnail product_cat-benzinli-urunler product_cat-capa-grubu last instock shipping-taxable product-type-external\">\r\n\t<div class=\"product-block-inner clearfix\">\r\n\t\t\r\n\t\t<div class=\"product-thumbnail\">\r\n\t\t\t<div class=\"product-thumbnail-inner\">\r\n\t\t\t \t<a class=\"link-overlay\" href=\"https:\/\/niltarim.com.tr\/?product=mina-capa-makinesi-honda-gp200-motorlu\"><\/a><span class=\"attachment-shop_catalog\"><img loading=\"lazy\" decoding=\"async\" width=\"800\" height=\"800\" src=\"https:\/\/niltarim.com.tr\/wp-content\/uploads\/2025\/11\/6.jpg\" class=\" wp-post-image\" alt=\"\" srcset=\"https:\/\/niltarim.com.tr\/wp-content\/uploads\/2025\/11\/6.jpg 800w, https:\/\/niltarim.com.tr\/wp-content\/uploads\/2025\/11\/6-175x175.jpg 175w, https:\/\/niltarim.com.tr\/wp-content\/uploads\/2025\/11\/6-768x768.jpg 768w, https:\/\/niltarim.com.tr\/wp-content\/uploads\/2025\/11\/6-300x300.jpg 300w, https:\/\/niltarim.com.tr\/wp-content\/uploads\/2025\/11\/6-600x600.jpg 600w, https:\/\/niltarim.com.tr\/wp-content\/uploads\/2025\/11\/6-180x180.jpg 180w\" sizes=\"(max-width: 800px) 100vw, 800px\" \/><\/span>\t\t \t<\/div>\r\n\t\t \t<div class=\"content-hover\">\r\n\t\t\t\t<div class=\"add-to-cart\">\r\n\t\t\t\t\t<a href=\"tel:903805120900\" data-quantity=\"1\" data-product_id=\"1813\" data-product_sku=\"\" class=\"button  product_type_external ajax_add_to_cart\"> \u0130leti\u015fime Ge\u00e7<\/a>\t\t\t  \t<\/div> \r\n\t\t\t<\/div>   \r\n\t\t<\/div>\r\n\r\n\t\t      \r\n\r\n\t\t\r\n\t\t<div class=\"product-meta\">\r\n\t\t\t<div class=\"clearfix\"><\/div>\r\n\t\t\t<div class=\"shop-category\"><a href=\"https:\/\/niltarim.com.tr\/?product_cat=benzinli-urunler\" rel=\"tag\">Benzinli \u00dcr\u00fcnler<\/a>, <a href=\"https:\/\/niltarim.com.tr\/?product_cat=capa-grubu\" rel=\"tag\">\u00c7apa Grubu<\/a><\/div>\t\t\t<h3 class=\"shop-loop-title\"><a href=\"https:\/\/niltarim.com.tr\/?product=mina-capa-makinesi-honda-gp200-motorlu\">Mina \u00c7apa Makinesi Honda GP200 Motorlu<\/a><\/h3>\r\n\t\t\t<div class=\"shop-loop-price\">\r\n\t\t  \t\t\r\n\t\t\t<\/div>\r\n\t\t<\/div>\r\n\t\t\t\r\n\t<\/div>\t\r\n<\/div>\r\n<\/div><div class=\"swiper-slide\">\r\n<div class=\"product-block product post-1810 product type-product status-publish has-post-thumbnail product_cat-benzinli-urunler first instock shipping-taxable product-type-external\">\r\n\t<div class=\"product-block-inner clearfix\">\r\n\t\t\r\n\t\t<div class=\"product-thumbnail\">\r\n\t\t\t<div class=\"product-thumbnail-inner\">\r\n\t\t\t \t<a class=\"link-overlay\" href=\"https:\/\/niltarim.com.tr\/?product=mina-yan-tirpan\"><\/a><span class=\"attachment-shop_catalog\"><img loading=\"lazy\" decoding=\"async\" width=\"800\" height=\"800\" src=\"https:\/\/niltarim.com.tr\/wp-content\/uploads\/2025\/11\/2.jpg\" class=\" wp-post-image\" alt=\"\" srcset=\"https:\/\/niltarim.com.tr\/wp-content\/uploads\/2025\/11\/2.jpg 800w, https:\/\/niltarim.com.tr\/wp-content\/uploads\/2025\/11\/2-175x175.jpg 175w, https:\/\/niltarim.com.tr\/wp-content\/uploads\/2025\/11\/2-768x768.jpg 768w, https:\/\/niltarim.com.tr\/wp-content\/uploads\/2025\/11\/2-300x300.jpg 300w, https:\/\/niltarim.com.tr\/wp-content\/uploads\/2025\/11\/2-600x600.jpg 600w, https:\/\/niltarim.com.tr\/wp-content\/uploads\/2025\/11\/2-180x180.jpg 180w\" sizes=\"(max-width: 800px) 100vw, 800px\" \/><\/span>\t\t \t<\/div>\r\n\t\t \t<div class=\"content-hover\">\r\n\t\t\t\t<div class=\"add-to-cart\">\r\n\t\t\t\t\t<a href=\"tel:903805120900\" data-quantity=\"1\" data-product_id=\"1810\" data-product_sku=\"\" class=\"button  product_type_external ajax_add_to_cart\"> \u0130leti\u015fime Ge\u00e7<\/a>\t\t\t  \t<\/div> \r\n\t\t\t<\/div>   \r\n\t\t<\/div>\r\n\r\n\t\t      \r\n\r\n\t\t\r\n\t\t<div class=\"product-meta\">\r\n\t\t\t<div class=\"clearfix\"><\/div>\r\n\t\t\t<div class=\"shop-category\"><a href=\"https:\/\/niltarim.com.tr\/?product_cat=benzinli-urunler\" rel=\"tag\">Benzinli \u00dcr\u00fcnler<\/a><\/div>\t\t\t<h3 class=\"shop-loop-title\"><a href=\"https:\/\/niltarim.com.tr\/?product=mina-yan-tirpan\">Mina Yan T\u0131rpan<\/a><\/h3>\r\n\t\t\t<div class=\"shop-loop-price\">\r\n\t\t  \t\t\r\n\t\t\t<\/div>\r\n\t\t<\/div>\r\n\t\t\t\r\n\t<\/div>\t\r\n<\/div>\r\n<\/div><div class=\"swiper-slide\">\r\n<div class=\"product-block product post-1808 product type-product status-publish has-post-thumbnail product_cat-benzinli-urunler product_cat-capa-grubu  instock shipping-taxable product-type-external\">\r\n\t<div class=\"product-block-inner clearfix\">\r\n\t\t\r\n\t\t<div class=\"product-thumbnail\">\r\n\t\t\t<div class=\"product-thumbnail-inner\">\r\n\t\t\t \t<a class=\"link-overlay\" href=\"https:\/\/niltarim.com.tr\/?product=capa-makinasi-21-mina-motorlu\"><\/a><span class=\"attachment-shop_catalog\"><img decoding=\"async\" width=\"800\" height=\"800\" src=\"https:\/\/niltarim.com.tr\/wp-content\/uploads\/2025\/11\/1.jpg\" class=\" wp-post-image\" alt=\"\" srcset=\"https:\/\/niltarim.com.tr\/wp-content\/uploads\/2025\/11\/1.jpg 800w, https:\/\/niltarim.com.tr\/wp-content\/uploads\/2025\/11\/1-175x175.jpg 175w, https:\/\/niltarim.com.tr\/wp-content\/uploads\/2025\/11\/1-768x768.jpg 768w, https:\/\/niltarim.com.tr\/wp-content\/uploads\/2025\/11\/1-300x300.jpg 300w, https:\/\/niltarim.com.tr\/wp-content\/uploads\/2025\/11\/1-600x600.jpg 600w, https:\/\/niltarim.com.tr\/wp-content\/uploads\/2025\/11\/1-180x180.jpg 180w\" sizes=\"(max-width: 800px) 100vw, 800px\" \/><\/span>\t\t \t<\/div>\r\n\t\t \t<div class=\"content-hover\">\r\n\t\t\t\t<div class=\"add-to-cart\">\r\n\t\t\t\t\t<a href=\"tel:903805120900\" data-quantity=\"1\" data-product_id=\"1808\" data-product_sku=\"\" class=\"button  product_type_external ajax_add_to_cart\"> \u0130leti\u015fime Ge\u00e7<\/a>\t\t\t  \t<\/div> \r\n\t\t\t<\/div>   \r\n\t\t<\/div>\r\n\r\n\t\t      \r\n\r\n\t\t\r\n\t\t<div class=\"product-meta\">\r\n\t\t\t<div class=\"clearfix\"><\/div>\r\n\t\t\t<div class=\"shop-category\"><a href=\"https:\/\/niltarim.com.tr\/?product_cat=benzinli-urunler\" rel=\"tag\">Benzinli \u00dcr\u00fcnler<\/a>, <a href=\"https:\/\/niltarim.com.tr\/?product_cat=capa-grubu\" rel=\"tag\">\u00c7apa Grubu<\/a><\/div>\t\t\t<h3 class=\"shop-loop-title\"><a href=\"https:\/\/niltarim.com.tr\/?product=capa-makinasi-21-mina-motorlu\">\u00c7APA MAK\u0130NASI 2+1 M\u0130NA MOTORLU<\/a><\/h3>\r\n\t\t\t<div class=\"shop-loop-price\">\r\n\t\t  \t\t\r\n\t\t\t<\/div>\r\n\t\t<\/div>\r\n\t\t\t\r\n\t<\/div>\t\r\n<\/div>\r\n<\/div><div class=\"swiper-slide\">\r\n<div class=\"product-block product post-1803 product type-product status-publish has-post-thumbnail product_cat-benzinli-urunler product_cat-capa-grubu  instock shipping-taxable product-type-external\">\r\n\t<div class=\"product-block-inner clearfix\">\r\n\t\t\r\n\t\t<div class=\"product-thumbnail\">\r\n\t\t\t<div class=\"product-thumbnail-inner\">\r\n\t\t\t \t<a class=\"link-overlay\" href=\"https:\/\/niltarim.com.tr\/?product=mina-capa-makinesi-21-honda-gx-200-motorlu\"><\/a><span class=\"attachment-shop_catalog\"><img decoding=\"async\" width=\"800\" height=\"800\" src=\"https:\/\/niltarim.com.tr\/wp-content\/uploads\/2025\/11\/4.jpg\" class=\" wp-post-image\" alt=\"\" srcset=\"https:\/\/niltarim.com.tr\/wp-content\/uploads\/2025\/11\/4.jpg 800w, https:\/\/niltarim.com.tr\/wp-content\/uploads\/2025\/11\/4-175x175.jpg 175w, https:\/\/niltarim.com.tr\/wp-content\/uploads\/2025\/11\/4-768x768.jpg 768w, https:\/\/niltarim.com.tr\/wp-content\/uploads\/2025\/11\/4-300x300.jpg 300w, https:\/\/niltarim.com.tr\/wp-content\/uploads\/2025\/11\/4-600x600.jpg 600w, https:\/\/niltarim.com.tr\/wp-content\/uploads\/2025\/11\/4-180x180.jpg 180w\" sizes=\"(max-width: 800px) 100vw, 800px\" \/><\/span>\t\t \t<\/div>\r\n\t\t \t<div class=\"content-hover\">\r\n\t\t\t\t<div class=\"add-to-cart\">\r\n\t\t\t\t\t<a href=\"tel:903805120900\" data-quantity=\"1\" data-product_id=\"1803\" data-product_sku=\"\" class=\"button  product_type_external ajax_add_to_cart\"> \u0130leti\u015fime Ge\u00e7<\/a>\t\t\t  \t<\/div> \r\n\t\t\t<\/div>   \r\n\t\t<\/div>\r\n\r\n\t\t      \r\n\r\n\t\t\r\n\t\t<div class=\"product-meta\">\r\n\t\t\t<div class=\"clearfix\"><\/div>\r\n\t\t\t<div class=\"shop-category\"><a href=\"https:\/\/niltarim.com.tr\/?product_cat=benzinli-urunler\" rel=\"tag\">Benzinli \u00dcr\u00fcnler<\/a>, <a href=\"https:\/\/niltarim.com.tr\/?product_cat=capa-grubu\" rel=\"tag\">\u00c7apa Grubu<\/a><\/div>\t\t\t<h3 class=\"shop-loop-title\"><a href=\"https:\/\/niltarim.com.tr\/?product=mina-capa-makinesi-21-honda-gx-200-motorlu\">Mina \u00c7apa Makinesi 2+1 Honda GX 200 Motorlu<\/a><\/h3>\r\n\t\t\t<div class=\"shop-loop-price\">\r\n\t\t  \t\t\r\n\t\t\t<\/div>\r\n\t\t<\/div>\r\n\t\t\t\r\n\t<\/div>\t\r\n<\/div>\r\n<\/div><div class=\"swiper-slide\">\r\n<div class=\"product-block product post-1800 product type-product status-publish has-post-thumbnail product_cat-akulu-urunler product_cat-makas-cesitleri last instock shipping-taxable product-type-external\">\r\n\t<div class=\"product-block-inner clearfix\">\r\n\t\t\r\n\t\t<div class=\"product-thumbnail\">\r\n\t\t\t<div class=\"product-thumbnail-inner\">\r\n\t\t\t \t<a class=\"link-overlay\" href=\"https:\/\/niltarim.com.tr\/?product=mina-cay-toplama-makinesi\"><\/a><span class=\"attachment-shop_catalog\"><img loading=\"lazy\" decoding=\"async\" width=\"800\" height=\"800\" src=\"https:\/\/niltarim.com.tr\/wp-content\/uploads\/2025\/11\/3.jpg\" class=\" wp-post-image\" alt=\"\" srcset=\"https:\/\/niltarim.com.tr\/wp-content\/uploads\/2025\/11\/3.jpg 800w, https:\/\/niltarim.com.tr\/wp-content\/uploads\/2025\/11\/3-175x175.jpg 175w, https:\/\/niltarim.com.tr\/wp-content\/uploads\/2025\/11\/3-768x768.jpg 768w, https:\/\/niltarim.com.tr\/wp-content\/uploads\/2025\/11\/3-300x300.jpg 300w, https:\/\/niltarim.com.tr\/wp-content\/uploads\/2025\/11\/3-600x600.jpg 600w, https:\/\/niltarim.com.tr\/wp-content\/uploads\/2025\/11\/3-180x180.jpg 180w\" sizes=\"(max-width: 800px) 100vw, 800px\" \/><\/span>\t\t \t<\/div>\r\n\t\t \t<div class=\"content-hover\">\r\n\t\t\t\t<div class=\"add-to-cart\">\r\n\t\t\t\t\t<a href=\"tel:903805120900\" data-quantity=\"1\" data-product_id=\"1800\" data-product_sku=\"\" class=\"button  product_type_external ajax_add_to_cart\"> \u0130leti\u015fime Ge\u00e7<\/a>\t\t\t  \t<\/div> \r\n\t\t\t<\/div>   \r\n\t\t<\/div>\r\n\r\n\t\t      \r\n\r\n\t\t\r\n\t\t<div class=\"product-meta\">\r\n\t\t\t<div class=\"clearfix\"><\/div>\r\n\t\t\t<div class=\"shop-category\"><a href=\"https:\/\/niltarim.com.tr\/?product_cat=akulu-urunler\" rel=\"tag\">Ak\u00fcl\u00fc \u00dcr\u00fcnler<\/a>, <a href=\"https:\/\/niltarim.com.tr\/?product_cat=makas-cesitleri\" rel=\"tag\">Makas \u00c7e\u015fitleri<\/a><\/div>\t\t\t<h3 class=\"shop-loop-title\"><a href=\"https:\/\/niltarim.com.tr\/?product=mina-cay-toplama-makinesi\">Mina \u00c7ay Toplama Makinesi<\/a><\/h3>\r\n\t\t\t<div class=\"shop-loop-price\">\r\n\t\t  \t\t\r\n\t\t\t<\/div>\r\n\t\t<\/div>\r\n\t\t\t\r\n\t<\/div>\t\r\n<\/div>\r\n<\/div>         <\/div> \r\n      <\/div>\r\n   <\/div>   \r\n   <div class=\"swiper-pagination\"><\/div>   <div class=\"swiper-nav-next\"><\/div><div class=\"swiper-nav-prev\"><\/div><\/div>\r\n<\/div>\t\t\t\t<\/div>\n\t\t\t\t<\/div>\n\t\t\t\t\t<\/div>\n\t\t<\/div>\n\t\t\t\t\t<\/div>\n\t\t<\/section>\n\t\t\t\t<\/div>\n\t\t","protected":false},"excerpt":{"rendered":"<p>Ma\u011faza \u0130leti\u015fime Ge\u00e7 Benzinli \u00dcr\u00fcnler Mina S\u0131rt T\u0131rpan \u0130leti\u015fime Ge\u00e7 Benzinli \u00dcr\u00fcnler, \u00c7apa Grubu \u00c7apa Makinesi Mina Motorlu 3+1 \u0130leti\u015fime Ge\u00e7 Benzinli \u00dcr\u00fcnler, \u00c7apa Grubu Mina \u00c7apa Makinesi 3+1 Honda [&hellip;]<\/p>\n","protected":false},"author":1,"featured_media":0,"parent":0,"menu_order":0,"comment_status":"closed","ping_status":"closed","template":"","meta":{"footnotes":""},"class_list":["post-1828","page","type-page","status-publish","hentry"],"_links":{"self":[{"href":"https:\/\/niltarim.com.tr\/index.php?rest_route=\/wp\/v2\/pages\/1828","targetHints":{"allow":["GET"]}}],"collection":[{"href":"https:\/\/niltarim.com.tr\/index.php?rest_route=\/wp\/v2\/pages"}],"about":[{"href":"https:\/\/niltarim.com.tr\/index.php?rest_route=\/wp\/v2\/types\/page"}],"author":[{"embeddable":true,"href":"https:\/\/niltarim.com.tr\/index.php?rest_route=\/wp\/v2\/users\/1"}],"replies":[{"embeddable":true,"href":"https:\/\/niltarim.com.tr\/index.php?rest_route=%2Fwp%2Fv2%2Fcomments&post=1828"}],"version-history":[{"count":10,"href":"https:\/\/niltarim.com.tr\/index.php?rest_route=\/wp\/v2\/pages\/1828\/revisions"}],"predecessor-version":[{"id":1838,"href":"https:\/\/niltarim.com.tr\/index.php?rest_route=\/wp\/v2\/pages\/1828\/revisions\/1838"}],"wp:attachment":[{"href":"https:\/\/niltarim.com.tr\/index.php?rest_route=%2Fwp%2Fv2%2Fmedia&parent=1828"}],"curies":[{"name":"wp","href":"https:\/\/api.w.org\/{rel}","templated":true}]}}