{"id":21,"date":"2020-12-08T03:53:12","date_gmt":"2020-12-08T03:53:12","guid":{"rendered":"https:\/\/gaviaspreview.com\/wp\/orgarium\/?page_id=21"},"modified":"2024-10-14T09:25:51","modified_gmt":"2024-10-14T06:25:51","slug":"hakkimizda","status":"publish","type":"page","link":"https:\/\/niltarim.com.tr\/?page_id=21","title":{"rendered":"Hakk\u0131m\u0131zda"},"content":{"rendered":"\t\t<div data-elementor-type=\"wp-page\" data-elementor-id=\"21\" class=\"elementor elementor-21\">\n\t\t\t\t\t\t<section class=\"elementor-section elementor-top-section elementor-element elementor-element-a2abf68 elementor-section-boxed elementor-section-height-default elementor-section-height-default shape-bg-top-no\" data-id=\"a2abf68\" data-element_type=\"section\" data-settings=\"{&quot;background_background&quot;:&quot;slideshow&quot;,&quot;background_slideshow_gallery&quot;:[{&quot;id&quot;:1203,&quot;url&quot;:&quot;https:\\\/\\\/gaviaspreview.com\\\/wp\\\/orgarium\\\/wp-content\\\/uploads\\\/2021\\\/12\\\/bg-9.jpg&quot;},{&quot;id&quot;:1008,&quot;url&quot;:&quot;https:\\\/\\\/gaviaspreview.com\\\/wp\\\/orgarium\\\/wp-content\\\/uploads\\\/2021\\\/10\\\/breadcrumb.jpg&quot;}],&quot;background_slideshow_ken_burns&quot;:&quot;yes&quot;,&quot;background_slideshow_loop&quot;:&quot;yes&quot;,&quot;background_slideshow_slide_duration&quot;:5000,&quot;background_slideshow_slide_transition&quot;:&quot;fade&quot;,&quot;background_slideshow_transition_duration&quot;:500,&quot;background_slideshow_ken_burns_zoom_direction&quot;:&quot;in&quot;}\">\n\t\t\t\t\t\t<div class=\"elementor-container elementor-column-gap-default\">\n\t\t\t\t\t<div class=\"elementor-column elementor-col-100 elementor-top-column elementor-element elementor-element-7260d10\" data-id=\"7260d10\" data-element_type=\"column\">\n\t\t\t<div class=\"elementor-widget-wrap elementor-element-populated\">\n\t\t\t\t\t\t<div class=\"elementor-element elementor-element-3f38b9d elementor-widget elementor-widget-gva-heading-block\" data-id=\"3f38b9d\" data-element_type=\"widget\" data-widget_type=\"gva-heading-block.default\">\n\t\t\t\t<div class=\"elementor-widget-container\">\n\t\t\t\t\t<div class=\"gva-element-gva-heading-block gva-element\">   <div class=\"align-left style-1 widget gsc-heading box-align-left auto-responsive\">\r\n      <div class=\"content-inner\">\r\n         \r\n                  \r\n           \r\n         \r\n                     <h2 class=\"title\">\r\n               <span>Hakk\u0131m\u0131zda<\/span>\r\n            <\/h2>\r\n                  \r\n         \r\n      <\/div>\r\n   <\/div>\r\n<\/div>\t\t\t\t<\/div>\n\t\t\t\t<\/div>\n\t\t\t\t\t<\/div>\n\t\t<\/div>\n\t\t\t\t\t<\/div>\n\t\t<\/section>\n\t\t\t\t<section class=\"elementor-section elementor-top-section elementor-element elementor-element-3e45011 elementor-section-full_width elementor-section-height-default elementor-section-height-default shape-bg-top-no shape-bg-bottom-no\" data-id=\"3e45011\" data-element_type=\"section\">\n\t\t\t\t\t\t<div class=\"elementor-container elementor-column-gap-default\">\n\t\t\t\t\t<div class=\"elementor-column elementor-col-50 elementor-top-column elementor-element elementor-element-b496a29\" data-id=\"b496a29\" data-element_type=\"column\" data-settings=\"{&quot;background_background&quot;:&quot;classic&quot;}\">\n\t\t\t<div class=\"elementor-widget-wrap elementor-element-populated\">\n\t\t\t\t\t\t<div class=\"elementor-element elementor-element-8802ee0 elementor-widget elementor-widget-gva-image-content\" data-id=\"8802ee0\" data-element_type=\"widget\" data-widget_type=\"gva-image-content.default\">\n\t\t\t\t<div class=\"elementor-widget-container\">\n\t\t\t\t\t<div class=\"gva-element-gva-image-content gva-element\">\t\t\r\n\t\t\t<div class=\"gsc-image-content skin-v1\">\r\n\t\t  \t<div class=\"box-content\">\r\n\t\t\t \t\r\n\t\t\t \t\t\t\t\t\t<div class=\"image-wrapper\">\r\n\t\t\t\t\t\t<div class=\"image\">\r\n\t\t\t\t\t\t\t<img fetchpriority=\"high\" decoding=\"async\" width=\"600\" height=\"825\" src=\"https:\/\/niltarim.com.tr\/wp-content\/uploads\/2024\/10\/Adsiz-tasarim-9.png\" class=\"attachment-full size-full wp-image-1572\" alt=\"\" \/>\t\t\t\t\t\t<\/div>\r\n\t\t\t\t\t<\/div>\t\r\n\t\t\t \t\r\n\t\t\t \t\t\t\t\t\t<h2 class=\"title\">\r\n\t\t\t\t\t\tDeneyimli & Profesyonel Ekip\t\t\t\t\t<\/h2>\r\n\t\t\t\t\t\t\t\t<div class=\"desc\">Sekt\u00f6rde 15+ Y\u0131ll\u0131k Deneyim<\/div>\r\n\t\t\t<\/div> \t\r\n\r\n\t\t\t\t\t<\/div>\r\n\t  \r\n\t \r\n\r\n\t \r\n\r\n\t\r\n \r\n  \r\n\r\n \r\n\r\n <\/div>\t\t\t\t<\/div>\n\t\t\t\t<\/div>\n\t\t\t\t\t<\/div>\n\t\t<\/div>\n\t\t\t\t<div class=\"elementor-column elementor-col-50 elementor-top-column elementor-element elementor-element-040ba87\" data-id=\"040ba87\" data-element_type=\"column\">\n\t\t\t<div class=\"elementor-widget-wrap elementor-element-populated\">\n\t\t\t\t\t\t<div class=\"elementor-element elementor-element-36d05b7 elementor-widget elementor-widget-gva-heading-block\" data-id=\"36d05b7\" data-element_type=\"widget\" data-widget_type=\"gva-heading-block.default\">\n\t\t\t\t<div class=\"elementor-widget-container\">\n\t\t\t\t\t<div class=\"gva-element-gva-heading-block gva-element\">   <div class=\"align-left style-1 widget gsc-heading box-align-left auto-responsive\">\r\n      <div class=\"content-inner\">\r\n         \r\n                  \r\n         <div class=\"sub-title\"><span class=\"heading-icon\"><img decoding=\"async\" src=\"https:\/\/niltarim.com.tr\/wp-content\/plugins\/orgarium-themer\/elementor\/assets\/images\/icon-heading.png\" alt=\"\" \/><\/span><span class=\"tagline\">Hakk\u0131m\u0131zda<\/span><\/div>  \r\n         \r\n                     <h2 class=\"title\">\r\n               <span>\u0130nsanlar Neden Bizi Tercih Ediyor<\/span>\r\n            <\/h2>\r\n                              <div class=\"title-desc\">Nil Tar\u0131m, D\u00fczce'de 2009 y\u0131l\u0131nda kurulmu\u015f bir tar\u0131m firmas\u0131d\u0131r. Orman ve bah\u00e7e tar\u0131m makineleri, yedek par\u00e7a sat\u0131\u015f\u0131 yapmaktad\u0131r ve bu makinelerin servis hizmetlerini de sunmaktad\u0131r. K\u00fclt\u00fcr Mahallesi'nde yer alan firma, Husqvarna, STIHL, Oleo-Mac gibi markalar\u0131n yetkili bayisi olarak da faaliyet g\u00f6stermektedir\u200b<\/div>\r\n         \r\n         \r\n      <\/div>\r\n   <\/div>\r\n<\/div>\t\t\t\t<\/div>\n\t\t\t\t<\/div>\n\t\t\t\t<section class=\"elementor-section elementor-inner-section elementor-element elementor-element-eed859b elementor-section-boxed elementor-section-height-default elementor-section-height-default shape-bg-top-no shape-bg-bottom-no\" data-id=\"eed859b\" data-element_type=\"section\">\n\t\t\t\t\t\t<div class=\"elementor-container elementor-column-gap-default\">\n\t\t\t\t\t<div class=\"elementor-column elementor-col-50 elementor-inner-column elementor-element elementor-element-1036f19\" data-id=\"1036f19\" data-element_type=\"column\">\n\t\t\t<div class=\"elementor-widget-wrap elementor-element-populated\">\n\t\t\t\t\t\t<div class=\"elementor-element elementor-element-76af731 elementor-widget elementor-widget-gva-circle-progress\" data-id=\"76af731\" data-element_type=\"widget\" data-widget_type=\"gva-circle-progress.default\">\n\t\t\t\t<div class=\"elementor-widget-container\">\n\t\t\t\t\t<div class=\"gva-element-gva-circle-progress gva-element\">   \r\n   <div class=\"gsc-circle-progress clearfix\">\r\n      <div class=\"circle-progress\" data-value=\"0.99\"  data-thickness=\"5\" data-empty-fill=\"#000000\" data-lineCap=\"square\" data-size=\"100\" data-fill=\"{ &quot;color&quot;: &quot;#FF3F3F&quot; }\">\r\n         <strong><\/strong>\r\n      <\/div> \r\n               <div class=\"title\">\r\n            <span>Kalite<\/span>\r\n         <\/div>   \r\n         <\/div> \r\n\r\n<\/div>\t\t\t\t<\/div>\n\t\t\t\t<\/div>\n\t\t\t\t\t<\/div>\n\t\t<\/div>\n\t\t\t\t<div class=\"elementor-column elementor-col-50 elementor-inner-column elementor-element elementor-element-1a1410f\" data-id=\"1a1410f\" data-element_type=\"column\">\n\t\t\t<div class=\"elementor-widget-wrap elementor-element-populated\">\n\t\t\t\t\t\t<div class=\"elementor-element elementor-element-5d0f7e6 elementor-widget elementor-widget-gva-circle-progress\" data-id=\"5d0f7e6\" data-element_type=\"widget\" data-widget_type=\"gva-circle-progress.default\">\n\t\t\t\t<div class=\"elementor-widget-container\">\n\t\t\t\t\t<div class=\"gva-element-gva-circle-progress gva-element\">   \r\n   <div class=\"gsc-circle-progress clearfix\">\r\n      <div class=\"circle-progress\" data-value=\"0.9\"  data-thickness=\"5\" data-empty-fill=\"#000000\" data-lineCap=\"square\" data-size=\"100\" data-fill=\"{ &quot;color&quot;: &quot;#FF3F3F&quot; }\">\r\n         <strong><\/strong>\r\n      <\/div> \r\n               <div class=\"title\">\r\n            <span>Deneyim<\/span>\r\n         <\/div>   \r\n         <\/div> \r\n\r\n<\/div>\t\t\t\t<\/div>\n\t\t\t\t<\/div>\n\t\t\t\t\t<\/div>\n\t\t<\/div>\n\t\t\t\t\t<\/div>\n\t\t<\/section>\n\t\t\t\t\t<\/div>\n\t\t<\/div>\n\t\t\t\t\t<\/div>\n\t\t<\/section>\n\t\t\t\t<section class=\"elementor-section elementor-top-section elementor-element elementor-element-f250776 elementor-section-boxed elementor-section-height-default elementor-section-height-default shape-bg-top-no shape-bg-bottom-no\" data-id=\"f250776\" data-element_type=\"section\" data-settings=\"{&quot;background_background&quot;:&quot;classic&quot;}\">\n\t\t\t\t\t\t<div class=\"elementor-container elementor-column-gap-default\">\n\t\t\t\t\t<div class=\"elementor-column elementor-col-100 elementor-top-column elementor-element elementor-element-41e23b7\" data-id=\"41e23b7\" data-element_type=\"column\">\n\t\t\t<div class=\"elementor-widget-wrap elementor-element-populated\">\n\t\t\t\t\t\t<div class=\"elementor-element elementor-element-6e8ce3b elementor-widget elementor-widget-heading\" data-id=\"6e8ce3b\" data-element_type=\"widget\" data-widget_type=\"heading.default\">\n\t\t\t\t<div class=\"elementor-widget-container\">\n\t\t\t\t\t<h2 class=\"elementor-heading-title elementor-size-default\">\u00c7al\u0131\u015ft\u0131\u011f\u0131m\u0131z Markalar\u0131m\u0131z<\/h2>\t\t\t\t<\/div>\n\t\t\t\t<\/div>\n\t\t\t\t<div class=\"elementor-element elementor-element-65d9ae9 elementor-widget elementor-widget-gva-brand\" data-id=\"65d9ae9\" data-element_type=\"widget\" data-widget_type=\"gva-brand.default\">\n\t\t\t\t<div class=\"elementor-widget-container\">\n\t\t\t\t\t<div class=\"gva-element-gva-brand gva-element\">\r\n<div class=\"gva-brand-carousel style-1 \">\r\n   <div class=\"swiper-content-inner\">\r\n      <div class=\"init-carousel-swiper swiper\" data-carousel=\"{&quot;items&quot;:6,&quot;items_lg&quot;:6,&quot;items_md&quot;:5,&quot;items_sm&quot;:4,&quot;items_xs&quot;:3,&quot;items_xx&quot;:2,&quot;effect&quot;:&quot;slide&quot;,&quot;space_between&quot;:30,&quot;loop&quot;:1,&quot;speed&quot;:600,&quot;autoplay&quot;:1,&quot;autoplay_delay&quot;:4500,&quot;autoplay_hover&quot;:1,&quot;navigation&quot;:1,&quot;pagination&quot;:0,&quot;dynamic_bullets&quot;:0,&quot;pagination_type&quot;:&quot;bullets&quot;}\">\r\n         <div class=\"swiper-wrapper\">\r\n            \r\n            <div class=\"swiper-slide item brand-item\"><div class=\"brand-item-content\"><div class=\"brand-item-image\"><img decoding=\"async\" src=\"https:\/\/niltarim.com.tr\/wp-content\/uploads\/2024\/10\/stihl__1_-removebg-preview.png\" alt=\"\" class=\"brand-img\"\/><\/div><\/div><\/div><div class=\"swiper-slide item brand-item\"><div class=\"brand-item-content\"><div class=\"brand-item-image\"><img decoding=\"async\" src=\"https:\/\/niltarim.com.tr\/wp-content\/uploads\/2024\/10\/2023102414440291675_antor-logo-100.png\" alt=\"\" class=\"brand-img\"\/><\/div><\/div><\/div><div class=\"swiper-slide item brand-item\"><div class=\"brand-item-content\"><div class=\"brand-item-image\"><img decoding=\"async\" src=\"https:\/\/niltarim.com.tr\/wp-content\/uploads\/2024\/10\/2023102414451742190_husqvarna__1_-removebg-preview.png\" alt=\"\" class=\"brand-img\"\/><\/div><\/div><\/div><div class=\"swiper-slide item brand-item\"><div class=\"brand-item-content\"><div class=\"brand-item-image\"><img decoding=\"async\" src=\"https:\/\/niltarim.com.tr\/wp-content\/uploads\/2024\/10\/2023102414453933366_oleo-mac-logo.png\" alt=\"\" class=\"brand-img\"\/><\/div><\/div><\/div><div class=\"swiper-slide item brand-item\"><div class=\"brand-item-content\"><div class=\"brand-item-image\"><img decoding=\"async\" src=\"https:\/\/niltarim.com.tr\/wp-content\/uploads\/2024\/10\/2023102414463357290_kaan-tarim-mak-logo.png\" alt=\"\" class=\"brand-img\"\/><\/div><\/div><\/div><div class=\"swiper-slide item brand-item\"><div class=\"brand-item-content\"><div class=\"brand-item-image\"><img decoding=\"async\" src=\"https:\/\/niltarim.com.tr\/wp-content\/uploads\/2024\/10\/2023102414481546818_2022111615044839948_solax-logo-stihl__1_-removebg-preview.png\" alt=\"\" class=\"brand-img\"\/><\/div><\/div><\/div><div class=\"swiper-slide item brand-item\"><div class=\"brand-item-content\"><div class=\"brand-item-image\"><img decoding=\"async\" src=\"https:\/\/niltarim.com.tr\/wp-content\/uploads\/2024\/10\/2023102414490065615_honda-logo-100.png\" alt=\"\" class=\"brand-img\"\/><\/div><\/div><\/div><div class=\"swiper-slide item brand-item\"><div class=\"brand-item-content\"><div class=\"brand-item-image\"><img decoding=\"async\" src=\"https:\/\/niltarim.com.tr\/wp-content\/uploads\/2024\/10\/2023102414494138637_Lombardini-KOHLER-Logo__1_-removebg-preview.png\" alt=\"\" class=\"brand-img\"\/><\/div><\/div><\/div><div class=\"swiper-slide item brand-item\"><div class=\"brand-item-content\"><div class=\"brand-item-image\"><img decoding=\"async\" src=\"https:\/\/niltarim.com.tr\/wp-content\/uploads\/2024\/10\/2023102414504131491_oregon-logo.png\" alt=\"\" class=\"brand-img\"\/><\/div><\/div><\/div><div class=\"swiper-slide item brand-item\"><div class=\"brand-item-content\"><div class=\"brand-item-image\"><img decoding=\"async\" src=\"https:\/\/niltarim.com.tr\/wp-content\/uploads\/2024\/10\/2023102414514575876_palmera__1_-removebg-preview.png\" alt=\"\" class=\"brand-img\"\/><\/div><\/div><\/div><div class=\"swiper-slide item brand-item\"><div class=\"brand-item-content\"><div class=\"brand-item-image\"><img decoding=\"async\" src=\"https:\/\/niltarim.com.tr\/wp-content\/uploads\/2024\/10\/2023102414521265061_zomax-logo.png\" alt=\"\" class=\"brand-img\"\/><\/div><\/div><\/div>\r\n         <\/div>\r\n      <\/div>   \r\n   <\/div>\r\n   <div class=\"swiper-pagination\"><\/div>   <div class=\"swiper-nav-next\"><\/div><div class=\"swiper-nav-prev\"><\/div><\/div>\r\n<\/div>\t\t\t\t<\/div>\n\t\t\t\t<\/div>\n\t\t\t\t\t<\/div>\n\t\t<\/div>\n\t\t\t\t\t<\/div>\n\t\t<\/section>\n\t\t\t\t<section class=\"elementor-section elementor-top-section elementor-element elementor-element-8f13f7e elementor-section-full_width elementor-section-height-default elementor-section-height-default shape-bg-top-no shape-bg-bottom-no\" data-id=\"8f13f7e\" data-element_type=\"section\">\n\t\t\t\t\t\t<div class=\"elementor-container elementor-column-gap-default\">\n\t\t\t\t\t<div class=\"elementor-column elementor-col-100 elementor-top-column elementor-element elementor-element-8cb9b38\" data-id=\"8cb9b38\" data-element_type=\"column\">\n\t\t\t<div class=\"elementor-widget-wrap elementor-element-populated\">\n\t\t\t\t\t\t<div class=\"elementor-element elementor-element-a1f7974 text-background elementor-widget elementor-widget-heading\" data-id=\"a1f7974\" data-element_type=\"widget\" data-widget_type=\"heading.default\">\n\t\t\t\t<div class=\"elementor-widget-container\">\n\t\t\t\t\t<h2 class=\"elementor-heading-title elementor-size-default\">Statistics<\/h2>\t\t\t\t<\/div>\n\t\t\t\t<\/div>\n\t\t\t\t\t<\/div>\n\t\t<\/div>\n\t\t\t\t\t<\/div>\n\t\t<\/section>\n\t\t\t\t<section class=\"elementor-section elementor-top-section elementor-element elementor-element-082b364 elementor-section-boxed elementor-section-height-default elementor-section-height-default shape-bg-top-no shape-bg-bottom-no\" data-id=\"082b364\" data-element_type=\"section\">\n\t\t\t\t\t\t<div class=\"elementor-container elementor-column-gap-default\">\n\t\t\t\t\t<div class=\"elementor-column elementor-col-100 elementor-top-column elementor-element elementor-element-24fd379\" data-id=\"24fd379\" data-element_type=\"column\">\n\t\t\t<div class=\"elementor-widget-wrap elementor-element-populated\">\n\t\t\t\t\t\t<div class=\"elementor-element elementor-element-ebb7e98 elementor-widget elementor-widget-gva_counter_group\" data-id=\"ebb7e98\" data-element_type=\"widget\" data-widget_type=\"gva_counter_group.default\">\n\t\t\t\t<div class=\"elementor-widget-container\">\n\t\t\t\t\t<div class=\"gva-element-gva_counter_group gva-element\">\r\n<div class=\"gsc-counter-group layout-carousel swiper-slider-wrapper style-1 \">\r\n   <div class=\"swiper-content-inner\">\r\n      <div class=\"init-carousel-swiper swiper\" data-carousel=\"{&quot;items&quot;:4,&quot;items_lg&quot;:4,&quot;items_md&quot;:3,&quot;items_sm&quot;:2,&quot;items_xs&quot;:2,&quot;items_xx&quot;:2,&quot;effect&quot;:&quot;slide&quot;,&quot;space_between&quot;:30,&quot;loop&quot;:0,&quot;speed&quot;:600,&quot;autoplay&quot;:0,&quot;autoplay_delay&quot;:4500,&quot;autoplay_hover&quot;:1,&quot;navigation&quot;:0,&quot;pagination&quot;:0,&quot;dynamic_bullets&quot;:0,&quot;pagination_type&quot;:&quot;bullets&quot;}\">\r\n         <div class=\"swiper-wrapper\">\r\n            <div class=\"swiper-slide\">\r\n<div class=\"counter-item milestone-block elementor-repeater-item-1874508 active\">\r\n\t<div class=\"counter-content\">\r\n\r\n\t\t<div class=\"milestone-icon\"><i aria-hidden=\"true\" class=\" flaticon2-tractor\"><\/i><\/div><div class=\"milestone-content\"><div class=\"milestone-number-inner\"><span class=\"milestone-number\">1000<\/span><span class=\"symbol after\">+<\/span><\/div><h3 class=\"title\">\u00dcr\u00fcn \u00c7e\u015fidi<\/h3><\/div>\r\n\t<\/div>  \t\r\n\t<span class=\"overlay-icon\"><i aria-hidden=\"true\" class=\" flaticon2-tractor\"><\/i><\/span><\/div><\/div><div class=\"swiper-slide\">\r\n<div class=\"counter-item milestone-block elementor-repeater-item-8a722f2\">\r\n\t<div class=\"counter-content\">\r\n\r\n\t\t<div class=\"milestone-icon\"><i aria-hidden=\"true\" class=\"fas fa-wrench\"><\/i><\/div><div class=\"milestone-content\"><div class=\"milestone-number-inner\"><span class=\"milestone-number\">2000<\/span><span class=\"symbol after\">+<\/span><\/div><h3 class=\"title\">Yedek Par\u00e7a<\/h3><\/div>\r\n\t<\/div>  \t\r\n\t<span class=\"overlay-icon\"><i aria-hidden=\"true\" class=\"fas fa-wrench\"><\/i><\/span><\/div><\/div><div class=\"swiper-slide\">\r\n<div class=\"counter-item milestone-block elementor-repeater-item-6aea6ff\">\r\n\t<div class=\"counter-content\">\r\n\r\n\t\t<div class=\"milestone-icon\"><i aria-hidden=\"true\" class=\"fab fa-servicestack\"><\/i><\/div><div class=\"milestone-content\"><div class=\"milestone-number-inner\"><span class=\"milestone-number\">100<\/span><span class=\"symbol after\">+<\/span><\/div><h3 class=\"title\">Hizmet<\/h3><\/div>\r\n\t<\/div>  \t\r\n\t<span class=\"overlay-icon\"><i aria-hidden=\"true\" class=\"fab fa-servicestack\"><\/i><\/span><\/div><\/div><div class=\"swiper-slide\">\r\n<div class=\"counter-item milestone-block elementor-repeater-item-86cac8c\">\r\n\t<div class=\"counter-content\">\r\n\r\n\t\t<div class=\"milestone-icon\"><i aria-hidden=\"true\" class=\"far fa-smile\"><\/i><\/div><div class=\"milestone-content\"><div class=\"milestone-number-inner\"><span class=\"milestone-number\">10000<\/span><span class=\"symbol after\">+<\/span><\/div><h3 class=\"title\">Mutlu M\u00fc\u015fteri<\/h3><\/div>\r\n\t<\/div>  \t\r\n\t<span class=\"overlay-icon\"><i aria-hidden=\"true\" class=\"far fa-smile\"><\/i><\/span><\/div><\/div>         <\/div>\r\n      <\/div>\r\n   <\/div>   \r\n   <div class=\"swiper-pagination\"><\/div>   <\/div>\r\n<\/div>\t\t\t\t<\/div>\n\t\t\t\t<\/div>\n\t\t\t\t\t<\/div>\n\t\t<\/div>\n\t\t\t\t\t<\/div>\n\t\t<\/section>\n\t\t\t\t<\/div>\n\t\t","protected":false},"excerpt":{"rendered":"<p>Hakk\u0131m\u0131zda Deneyimli &#038; Profesyonel Ekip Sekt\u00f6rde 15+ Y\u0131ll\u0131k Deneyim Hakk\u0131m\u0131zda \u0130nsanlar Neden Bizi Tercih Ediyor Nil Tar\u0131m, D\u00fczce&#8217;de 2009 y\u0131l\u0131nda kurulmu\u015f bir tar\u0131m firmas\u0131d\u0131r. Orman ve bah\u00e7e tar\u0131m makineleri, yedek [&hellip;]<\/p>\n","protected":false},"author":1,"featured_media":0,"parent":0,"menu_order":0,"comment_status":"closed","ping_status":"closed","template":"","meta":{"footnotes":""},"class_list":["post-21","page","type-page","status-publish","hentry"],"_links":{"self":[{"href":"https:\/\/niltarim.com.tr\/index.php?rest_route=\/wp\/v2\/pages\/21","targetHints":{"allow":["GET"]}}],"collection":[{"href":"https:\/\/niltarim.com.tr\/index.php?rest_route=\/wp\/v2\/pages"}],"about":[{"href":"https:\/\/niltarim.com.tr\/index.php?rest_route=\/wp\/v2\/types\/page"}],"author":[{"embeddable":true,"href":"https:\/\/niltarim.com.tr\/index.php?rest_route=\/wp\/v2\/users\/1"}],"replies":[{"embeddable":true,"href":"https:\/\/niltarim.com.tr\/index.php?rest_route=%2Fwp%2Fv2%2Fcomments&post=21"}],"version-history":[{"count":10,"href":"https:\/\/niltarim.com.tr\/index.php?rest_route=\/wp\/v2\/pages\/21\/revisions"}],"predecessor-version":[{"id":1696,"href":"https:\/\/niltarim.com.tr\/index.php?rest_route=\/wp\/v2\/pages\/21\/revisions\/1696"}],"wp:attachment":[{"href":"https:\/\/niltarim.com.tr\/index.php?rest_route=%2Fwp%2Fv2%2Fmedia&parent=21"}],"curies":[{"name":"wp","href":"https:\/\/api.w.org\/{rel}","templated":true}]}}