{"id":1808,"date":"2025-11-06T12:59:41","date_gmt":"2025-11-06T09:59:41","guid":{"rendered":"https:\/\/niltarim.com.tr\/?post_type=product&#038;p=1808"},"modified":"2025-11-06T14:52:52","modified_gmt":"2025-11-06T11:52:52","slug":"capa-makinasi-21-mina-motorlu","status":"publish","type":"product","link":"https:\/\/niltarim.com.tr\/?product=capa-makinasi-21-mina-motorlu","title":{"rendered":"\u00c7APA MAK\u0130NASI 2+1 M\u0130NA MOTORLU"},"content":{"rendered":"","protected":false},"excerpt":{"rendered":"<p>\u00c7APA MAK\u0130NASI 2+1 M\u0130NA MOTORLU 2\u0130LER \u01301GER\u0130 V\u0130TES 80KG 24BI\u00c7AKLI 7HP \u0130PL\u0130 MAV\u0130<\/p>\n","protected":false},"featured_media":1825,"comment_status":"closed","ping_status":"closed","template":"","meta":[],"product_brand":[],"product_cat":[48,54],"product_tag":[],"class_list":{"0":"post-1808","1":"product","2":"type-product","3":"status-publish","4":"has-post-thumbnail","6":"product_cat-benzinli-urunler","7":"product_cat-capa-grubu","9":"first","10":"instock","11":"shipping-taxable","12":"product-type-external"},"_links":{"self":[{"href":"https:\/\/niltarim.com.tr\/index.php?rest_route=\/wp\/v2\/product\/1808","targetHints":{"allow":["GET"]}}],"collection":[{"href":"https:\/\/niltarim.com.tr\/index.php?rest_route=\/wp\/v2\/product"}],"about":[{"href":"https:\/\/niltarim.com.tr\/index.php?rest_route=\/wp\/v2\/types\/product"}],"replies":[{"embeddable":true,"href":"https:\/\/niltarim.com.tr\/index.php?rest_route=%2Fwp%2Fv2%2Fcomments&post=1808"}],"wp:featuredmedia":[{"embeddable":true,"href":"https:\/\/niltarim.com.tr\/index.php?rest_route=\/wp\/v2\/media\/1825"}],"wp:attachment":[{"href":"https:\/\/niltarim.com.tr\/index.php?rest_route=%2Fwp%2Fv2%2Fmedia&parent=1808"}],"wp:term":[{"taxonomy":"product_brand","embeddable":true,"href":"https:\/\/niltarim.com.tr\/index.php?rest_route=%2Fwp%2Fv2%2Fproduct_brand&post=1808"},{"taxonomy":"product_cat","embeddable":true,"href":"https:\/\/niltarim.com.tr\/index.php?rest_route=%2Fwp%2Fv2%2Fproduct_cat&post=1808"},{"taxonomy":"product_tag","embeddable":true,"href":"https:\/\/niltarim.com.tr\/index.php?rest_route=%2Fwp%2Fv2%2Fproduct_tag&post=1808"}],"curies":[{"name":"wp","href":"https:\/\/api.w.org\/{rel}","templated":true}]}}