{"id":1815,"date":"2025-11-06T14:20:46","date_gmt":"2025-11-06T11:20:46","guid":{"rendered":"https:\/\/niltarim.com.tr\/?post_type=product&#038;p=1815"},"modified":"2025-11-06T14:56:56","modified_gmt":"2025-11-06T11:56:56","slug":"mina-capa-makinesi-31-honda-gx-200-motorlu","status":"publish","type":"product","link":"https:\/\/niltarim.com.tr\/?product=mina-capa-makinesi-31-honda-gx-200-motorlu","title":{"rendered":"Mina \u00c7apa Makinesi 3+1 Honda GX 200 Motorlu"},"content":{"rendered":"","protected":false},"excerpt":{"rendered":"<p>\u00c7APA MAK\u0130NASI 3+1 HONDA MOTORLU 2\u0130LER \u01301GER\u0130 V\u0130TES 80KG 24BI\u00c7AKLI 7HP \u0130PL\u0130 KIRMIZI<\/p>\n","protected":false},"featured_media":1824,"comment_status":"closed","ping_status":"closed","template":"","meta":[],"product_brand":[],"product_cat":[48,54],"product_tag":[],"class_list":{"0":"post-1815","1":"product","2":"type-product","3":"status-publish","4":"has-post-thumbnail","6":"product_cat-benzinli-urunler","7":"product_cat-capa-grubu","9":"first","10":"instock","11":"shipping-taxable","12":"product-type-external"},"_links":{"self":[{"href":"https:\/\/niltarim.com.tr\/index.php?rest_route=\/wp\/v2\/product\/1815","targetHints":{"allow":["GET"]}}],"collection":[{"href":"https:\/\/niltarim.com.tr\/index.php?rest_route=\/wp\/v2\/product"}],"about":[{"href":"https:\/\/niltarim.com.tr\/index.php?rest_route=\/wp\/v2\/types\/product"}],"replies":[{"embeddable":true,"href":"https:\/\/niltarim.com.tr\/index.php?rest_route=%2Fwp%2Fv2%2Fcomments&post=1815"}],"wp:featuredmedia":[{"embeddable":true,"href":"https:\/\/niltarim.com.tr\/index.php?rest_route=\/wp\/v2\/media\/1824"}],"wp:attachment":[{"href":"https:\/\/niltarim.com.tr\/index.php?rest_route=%2Fwp%2Fv2%2Fmedia&parent=1815"}],"wp:term":[{"taxonomy":"product_brand","embeddable":true,"href":"https:\/\/niltarim.com.tr\/index.php?rest_route=%2Fwp%2Fv2%2Fproduct_brand&post=1815"},{"taxonomy":"product_cat","embeddable":true,"href":"https:\/\/niltarim.com.tr\/index.php?rest_route=%2Fwp%2Fv2%2Fproduct_cat&post=1815"},{"taxonomy":"product_tag","embeddable":true,"href":"https:\/\/niltarim.com.tr\/index.php?rest_route=%2Fwp%2Fv2%2Fproduct_tag&post=1815"}],"curies":[{"name":"wp","href":"https:\/\/api.w.org\/{rel}","templated":true}]}}